{"id":45,"date":"2025-05-18T22:06:54","date_gmt":"2025-05-18T20:06:54","guid":{"rendered":"http:\/\/tuqvucr.cluster100.hosting.ovh.net\/?page_id=45"},"modified":"2026-03-04T18:45:37","modified_gmt":"2026-03-04T17:45:37","slug":"enfants","status":"publish","type":"page","link":"https:\/\/www.le3f.fr\/index.php\/enfants\/","title":{"rendered":"Anniversaire"},"content":{"rendered":"\n<figure class=\"wp-block-image size-large is-resized\"><img loading=\"lazy\" decoding=\"async\" width=\"1024\" height=\"341\" src=\"https:\/\/www.le3f.fr\/wp-content\/uploads\/2025\/09\/nos-anniversaires-1024x341.png\" alt=\"\" class=\"wp-image-635\" style=\"width:477px;height:auto\" srcset=\"https:\/\/www.le3f.fr\/wp-content\/uploads\/2025\/09\/nos-anniversaires-1024x341.png 1024w, https:\/\/www.le3f.fr\/wp-content\/uploads\/2025\/09\/nos-anniversaires-300x100.png 300w, https:\/\/www.le3f.fr\/wp-content\/uploads\/2025\/09\/nos-anniversaires-768x256.png 768w, https:\/\/www.le3f.fr\/wp-content\/uploads\/2025\/09\/nos-anniversaires-1536x512.png 1536w, https:\/\/www.le3f.fr\/wp-content\/uploads\/2025\/09\/nos-anniversaires-2048x682.png 2048w\" sizes=\"auto, (max-width: 1024px) 100vw, 1024px\" \/><\/figure>\n\n\n\n<h3 class=\"wp-block-heading\"><strong>Faire son anniversaire au complexe LE 3F, comment \u00e7a fonctionne ? <\/strong><\/h3>\n\n\n\n<p class=\"has-text-align-left\">Venez faire l&rsquo;anniversaire de votre enfant au sein du 3F dans un cadre idyllique o\u00f9 les enfants s&rsquo;amuseront tout en s\u00e9curit\u00e9. Des animateurs de qualit\u00e9s et qualifi\u00e9s accueilleront le groupe avec p\u00e9dagogie et cr\u00e9ant des activit\u00e9s sportives innovante pour le groupe. Il est possible aussi de r\u00e9server un anniversaire sans animateur si le parent\/r\u00e9f\u00e9rent le souhaite.   <\/p>\n\n\n\n<p><\/p>\n\n\n\n<h3 class=\"wp-block-heading has-text-align-left\">\u25aa\ufe0f<strong>Pourquoi choisir la formule avec animateur (6 ans \u00e0 12 ans) ? <\/strong><\/h3>\n\n\n\n<ul class=\"wp-block-list\">\n<li> \ud83d\udd51 <strong>Disponible toute l&rsquo;ann\u00e9e<\/strong>, quel que soient la m\u00e9t\u00e9o ou la saison<\/li>\n\n\n\n<li>\ud83d\udc65 <strong>Des animateurs qualifi\u00e9s<\/strong> qui feront pass\u00e9 un moment inoubliables \u00e0 vos enfants (12 maximum)<\/li>\n\n\n\n<li> \ud83c\udfc3\u200d\u2640\ufe0f\u200d\u27a1\ufe0f <strong>Une multitude d&rsquo;activit\u00e9s<\/strong> : des activit\u00e9s multisports\/individuels, des relais, des chasses au tr\u00e9sor, des escapes games seront organis\u00e9s pendant deux heures pour le groupe d&rsquo;enfant<\/li>\n\n\n\n<li> \ud83c\udf81  <strong>Des cadeaux<\/strong> seront offert \u00e0 votre enfant de la part du 3F (Maillot avec le pr\u00e9nom et num\u00e9ro au choix de l&rsquo;enfant <strong>+<\/strong> une gourde\/une m\u00e9daille)<\/li>\n\n\n\n<li> \ud83c\udf82 <strong>Un g\u00e2teau<\/strong> sera confectionn\u00e9 et d\u00e9cor\u00e9 par un boulanger selon l&rsquo;envie de l&rsquo;enfant (couleur, activit\u00e9&#8230;)<\/li>\n\n\n\n<li> \ud83d\udcb6 <strong>Le co\u00fbt <\/strong>de la formule avec animateur est de 170 \u20ac : cela comprend les deux heures d&rsquo;activit\u00e9s sportives, le g\u00e2teau, les boissons et les cadeaux<\/li>\n<\/ul>\n\n\n\n<figure class=\"wp-block-gallery has-nested-images columns-default is-cropped wp-block-gallery-1 is-layout-flex wp-block-gallery-is-layout-flex\">\n<figure class=\"wp-block-image size-large is-style-default\"><img loading=\"lazy\" decoding=\"async\" width=\"1024\" height=\"768\" data-id=\"639\" src=\"https:\/\/www.le3f.fr\/wp-content\/uploads\/2025\/09\/IMG_20220219_153042-1024x768.jpg\" alt=\"\" class=\"wp-image-639\" srcset=\"https:\/\/www.le3f.fr\/wp-content\/uploads\/2025\/09\/IMG_20220219_153042-1024x768.jpg 1024w, https:\/\/www.le3f.fr\/wp-content\/uploads\/2025\/09\/IMG_20220219_153042-300x225.jpg 300w, https:\/\/www.le3f.fr\/wp-content\/uploads\/2025\/09\/IMG_20220219_153042-768x576.jpg 768w, https:\/\/www.le3f.fr\/wp-content\/uploads\/2025\/09\/IMG_20220219_153042-1536x1152.jpg 1536w, https:\/\/www.le3f.fr\/wp-content\/uploads\/2025\/09\/IMG_20220219_153042-2048x1536.jpg 2048w\" sizes=\"auto, (max-width: 1024px) 100vw, 1024px\" \/><\/figure>\n\n\n\n<figure class=\"wp-block-image size-large\"><img loading=\"lazy\" decoding=\"async\" width=\"1024\" height=\"768\" data-id=\"641\" src=\"https:\/\/www.le3f.fr\/wp-content\/uploads\/2025\/09\/IMG_20220219_145353-1024x768.jpg\" alt=\"\" class=\"wp-image-641\" srcset=\"https:\/\/www.le3f.fr\/wp-content\/uploads\/2025\/09\/IMG_20220219_145353-1024x768.jpg 1024w, https:\/\/www.le3f.fr\/wp-content\/uploads\/2025\/09\/IMG_20220219_145353-300x225.jpg 300w, https:\/\/www.le3f.fr\/wp-content\/uploads\/2025\/09\/IMG_20220219_145353-768x576.jpg 768w, https:\/\/www.le3f.fr\/wp-content\/uploads\/2025\/09\/IMG_20220219_145353-1536x1152.jpg 1536w, https:\/\/www.le3f.fr\/wp-content\/uploads\/2025\/09\/IMG_20220219_145353-2048x1536.jpg 2048w\" sizes=\"auto, (max-width: 1024px) 100vw, 1024px\" \/><\/figure>\n\n\n\n<figure class=\"wp-block-image size-large\"><img loading=\"lazy\" decoding=\"async\" width=\"768\" height=\"1024\" data-id=\"640\" src=\"https:\/\/www.le3f.fr\/wp-content\/uploads\/2025\/09\/IMG_20220219_160701-768x1024.jpg\" alt=\"\" class=\"wp-image-640\" srcset=\"https:\/\/www.le3f.fr\/wp-content\/uploads\/2025\/09\/IMG_20220219_160701-768x1024.jpg 768w, https:\/\/www.le3f.fr\/wp-content\/uploads\/2025\/09\/IMG_20220219_160701-225x300.jpg 225w, https:\/\/www.le3f.fr\/wp-content\/uploads\/2025\/09\/IMG_20220219_160701-1152x1536.jpg 1152w, https:\/\/www.le3f.fr\/wp-content\/uploads\/2025\/09\/IMG_20220219_160701-1536x2048.jpg 1536w, https:\/\/www.le3f.fr\/wp-content\/uploads\/2025\/09\/IMG_20220219_160701-scaled.jpg 1920w\" sizes=\"auto, (max-width: 768px) 100vw, 768px\" \/><\/figure>\n<\/figure>\n\n\n\n<p><\/p>\n\n\n\n<h3 class=\"wp-block-heading\">\u25aa\ufe0f<strong>Pourquoi choisir la formule sans animateur (6 ans \u00e0 16 ans) ? <\/strong><\/h3>\n\n\n\n<ul class=\"wp-block-list\">\n<li>\ud83d\udd51 <strong>Disponible toute l&rsquo;ann\u00e9e<\/strong>, quel que soient la m\u00e9t\u00e9o ou la saison<\/li>\n\n\n\n<li>\u26bd <strong>Terrain de foot indoor<\/strong> \u00e0 disposition du groupe d&rsquo;enfant\/jeune avec la surveillance du parent\/r\u00e9f\u00e9rent<\/li>\n\n\n\n<li>\ud83c\udf82 <strong>Un g\u00e2teau<\/strong> sera confectionn\u00e9 et d\u00e9cor\u00e9 par un boulanger selon l&rsquo;envie de l&rsquo;enfant (couleur, activit\u00e9s&#8230;)<\/li>\n\n\n\n<li>\ud83c\udf81 <strong>Un cadeau<\/strong> : une gourde ou une m\u00e9daille sera offert par le 3F \u00e0 l&rsquo;enfant<\/li>\n\n\n\n<li>\ud83d\udcb6 <strong>Le co\u00fbt<\/strong> de la formule sans animateur est de 100 \u20ac pour deux heures de terrain.<\/li>\n<\/ul>\n\n\n\n<p><\/p>\n\n\n\n<p><\/p>\n\n\n\n<p>Plus de renseignements sur les diff\u00e9rentes formules au <strong>02 43 06 56 93 ou <\/strong>par mail <strong>contact@le3f.fr<\/strong><\/p>\n\n\n\n<p><\/p>\n","protected":false},"excerpt":{"rendered":"<p>Faire son anniversaire au complexe LE 3F, comment \u00e7a fonctionne ? Venez faire l&rsquo;anniversaire de votre enfant au sein du [&hellip;]<\/p>\n","protected":false},"author":1,"featured_media":0,"parent":0,"menu_order":0,"comment_status":"closed","ping_status":"closed","template":"","meta":{"site-sidebar-layout":"default","site-content-layout":"","ast-site-content-layout":"","site-content-style":"default","site-sidebar-style":"default","ast-global-header-display":"","ast-banner-title-visibility":"","ast-main-header-display":"","ast-hfb-above-header-display":"","ast-hfb-below-header-display":"","ast-hfb-mobile-header-display":"","site-post-title":"","ast-breadcrumbs-content":"","ast-featured-img":"","footer-sml-layout":"","theme-transparent-header-meta":"","adv-header-id-meta":"","stick-header-meta":"","header-above-stick-meta":"","header-main-stick-meta":"","header-below-stick-meta":"","astra-migrate-meta-layouts":"default","ast-page-background-enabled":"default","ast-page-background-meta":{"desktop":{"background-color":"var(--ast-global-color-5)","background-image":"","background-repeat":"repeat","background-position":"center center","background-size":"auto","background-attachment":"scroll","background-type":"","background-media":"","overlay-type":"","overlay-color":"","overlay-opacity":"","overlay-gradient":""},"tablet":{"background-color":"","background-image":"","background-repeat":"repeat","background-position":"center center","background-size":"auto","background-attachment":"scroll","background-type":"","background-media":"","overlay-type":"","overlay-color":"","overlay-opacity":"","overlay-gradient":""},"mobile":{"background-color":"","background-image":"","background-repeat":"repeat","background-position":"center center","background-size":"auto","background-attachment":"scroll","background-type":"","background-media":"","overlay-type":"","overlay-color":"","overlay-opacity":"","overlay-gradient":""}},"ast-content-background-meta":{"desktop":{"background-color":"var(--ast-global-color-4)","background-image":"","background-repeat":"repeat","background-position":"center center","background-size":"auto","background-attachment":"scroll","background-type":"","background-media":"","overlay-type":"","overlay-color":"","overlay-opacity":"","overlay-gradient":""},"tablet":{"background-color":"var(--ast-global-color-4)","background-image":"","background-repeat":"repeat","background-position":"center center","background-size":"auto","background-attachment":"scroll","background-type":"","background-media":"","overlay-type":"","overlay-color":"","overlay-opacity":"","overlay-gradient":""},"mobile":{"background-color":"var(--ast-global-color-4)","background-image":"","background-repeat":"repeat","background-position":"center center","background-size":"auto","background-attachment":"scroll","background-type":"","background-media":"","overlay-type":"","overlay-color":"","overlay-opacity":"","overlay-gradient":""}},"footnotes":""},"class_list":["post-45","page","type-page","status-publish","hentry"],"_links":{"self":[{"href":"https:\/\/www.le3f.fr\/index.php\/wp-json\/wp\/v2\/pages\/45","targetHints":{"allow":["GET"]}}],"collection":[{"href":"https:\/\/www.le3f.fr\/index.php\/wp-json\/wp\/v2\/pages"}],"about":[{"href":"https:\/\/www.le3f.fr\/index.php\/wp-json\/wp\/v2\/types\/page"}],"author":[{"embeddable":true,"href":"https:\/\/www.le3f.fr\/index.php\/wp-json\/wp\/v2\/users\/1"}],"replies":[{"embeddable":true,"href":"https:\/\/www.le3f.fr\/index.php\/wp-json\/wp\/v2\/comments?post=45"}],"version-history":[{"count":19,"href":"https:\/\/www.le3f.fr\/index.php\/wp-json\/wp\/v2\/pages\/45\/revisions"}],"predecessor-version":[{"id":1048,"href":"https:\/\/www.le3f.fr\/index.php\/wp-json\/wp\/v2\/pages\/45\/revisions\/1048"}],"wp:attachment":[{"href":"https:\/\/www.le3f.fr\/index.php\/wp-json\/wp\/v2\/media?parent=45"}],"curies":[{"name":"wp","href":"https:\/\/api.w.org\/{rel}","templated":true}]}}