{"id":43,"date":"2025-05-18T22:06:28","date_gmt":"2025-05-18T20:06:28","guid":{"rendered":"http:\/\/tuqvucr.cluster100.hosting.ovh.net\/?page_id=43"},"modified":"2026-03-07T11:04:29","modified_gmt":"2026-03-07T10:04:29","slug":"activites","status":"publish","type":"page","link":"https:\/\/www.le3f.fr\/index.php\/activites\/","title":{"rendered":"Activit\u00e9s"},"content":{"rendered":"\n<p>Vous cherchez un lieu dynamique et convivial pour pratiquer vos sports pr\u00e9f\u00e9r\u00e9s toute l\u2019ann\u00e9e ?<br>Notre complexe vous ouvre ses portes pour des moments intenses, fun et accessibles \u00e0 tous niveaux !<\/p>\n\n\n\n<div class=\"wp-block-columns has-text-color has-background is-layout-flex wp-container-core-columns-is-layout-204ee43c wp-block-columns-is-layout-flex\" style=\"color:#000000;background-color:#ffffff;padding-top:0px;padding-right:0px;padding-bottom:0px;padding-left:0px\">\n<div class=\"wp-block-column has-border-color has-cyan-bluish-gray-border-color is-layout-flow wp-block-column-is-layout-flow\" style=\"border-width:1px;border-radius:10px;padding-top:0px;padding-bottom:10px;box-shadow:var(--wp--preset--shadow--natural)\">\n<h3 class=\"wp-block-heading has-text-align-left has-background\" style=\"background-color:#abb7c21c;margin-bottom:0px;padding-top:10px;padding-right:0px;padding-bottom:10px;padding-left:10px;font-size:24px;line-height:1.3\">\u26bd Foot indoor<\/h3>\n\n\n\n<figure class=\"wp-block-image size-full\" style=\"margin-top:0px\"><img decoding=\"async\" src=\"https:\/\/www.fouyoux.com\/wp-content\/uploads\/2025\/05\/Balle-de-foot-sur-pelouse-artificielle.png\" alt=\"\" class=\"wp-image-280\" style=\"aspect-ratio:4\/3;object-fit:cover\"\/><\/figure>\n\n\n\n<p style=\"padding-right:5px;padding-left:5px\">Faites parler votre technique sur nos terrains de foot \u00e0 5 !<br>Un jeu rapide, intense et fun, id\u00e9al pour des sessions entre amis ou pour vos \u00e9v\u00e9nements (anniversaires, tournois, team-building\u2026).<\/p>\n\n\n\n<p class=\"has-text-align-left\" style=\"padding-right:var(--wp--preset--spacing--20);padding-left:var(--wp--preset--spacing--20)\">2 terrains de foot indoor.<\/p>\n\n\n\n<div class=\"wp-block-buttons is-content-justification-center is-layout-flex wp-container-core-buttons-is-layout-fcbfdc77 wp-block-buttons-is-layout-flex\" style=\"padding-right:5px;padding-left:5px\">\n<div class=\"wp-block-button has-custom-width wp-block-button__width-100 is-style-fill\"><a class=\"wp-block-button__link wp-element-button\" href=\"https:\/\/www.le3f.fr\/index.php\/reservations\/\">\ud83d\udcc6 R\u00e9server un terrain<\/a><\/div>\n\n\n\n<div class=\"wp-block-button has-custom-width wp-block-button__width-100 is-style-fill\"><a class=\"wp-block-button__link wp-element-button\" href=\"https:\/\/www.le3f.fr\/index.php\/foot-indoor\/\">\u2139\ufe0f Informations<\/a><\/div>\n\n\n\n<div class=\"wp-block-button has-custom-width wp-block-button__width-100 is-style-fill\"><a class=\"wp-block-button__link wp-element-button\" href=\"https:\/\/www.le3f.fr\/index.php\/champ-foot-indoor\/\">\ud83c\udfc6 Championnats<\/a><\/div>\n<\/div>\n<\/div>\n\n\n\n<div class=\"wp-block-column has-border-color has-cyan-bluish-gray-border-color is-layout-flow wp-block-column-is-layout-flow\" style=\"border-width:1px;border-radius:10px;padding-bottom:10px;box-shadow:var(--wp--preset--shadow--natural)\">\n<h3 class=\"wp-block-heading has-text-align-left has-background\" style=\"background-color:#abb7c21c;margin-bottom:0px;padding-top:10px;padding-right:0px;padding-bottom:10px;padding-left:10px;font-size:24px;line-height:1.3\">\ud83c\udfbe Padel<\/h3>\n\n\n\n<figure class=\"wp-block-image size-large\" style=\"margin-top:0px\"><img decoding=\"async\" src=\"https:\/\/www.fouyoux.com\/wp-content\/uploads\/2025\/05\/Terrain-de-padel-au-soleil-1024x683.png\" alt=\"\" class=\"wp-image-283\" style=\"aspect-ratio:4\/3;object-fit:cover\"\/><\/figure>\n\n\n\n<p style=\"padding-right:5px;padding-left:5px\">D\u00e9couvrez le sport tendance du moment !<br>Accessible, ludique et strat\u00e9gique, le padel se joue en double et garantit des parties rythm\u00e9es, entre amis, en famille ou entre coll\u00e8gues.<\/p>\n\n\n\n<p style=\"padding-right:var(--wp--preset--spacing--20);padding-left:var(--wp--preset--spacing--20)\">2 terrains de padel.<\/p>\n\n\n\n<div class=\"wp-block-buttons is-content-justification-center is-layout-flex wp-container-core-buttons-is-layout-fcbfdc77 wp-block-buttons-is-layout-flex\" style=\"padding-right:5px;padding-left:5px\">\n<div class=\"wp-block-button has-custom-width wp-block-button__width-100\"><a class=\"wp-block-button__link wp-element-button\" href=\"https:\/\/www.le3f.fr\/index.php\/reservations\/\">\ud83d\udcc6 R\u00e9server un terrain<\/a><\/div>\n\n\n\n<div class=\"wp-block-button has-custom-width wp-block-button__width-100 is-style-fill\"><a class=\"wp-block-button__link wp-element-button\" href=\"https:\/\/www.le3f.fr\/index.php\/padel\/\">\u2139\ufe0f Informations<\/a><\/div>\n\n\n\n<div class=\"wp-block-button has-custom-width wp-block-button__width-100 is-style-fill\"><a class=\"wp-block-button__link wp-element-button\" href=\"https:\/\/www.le3f.fr\/index.php\/champ-padel\/\">\ud83c\udfc6 Championnats<\/a><\/div>\n<\/div>\n<\/div>\n\n\n\n<div class=\"wp-block-column has-border-color is-layout-flow wp-block-column-is-layout-flow\" style=\"border-color:#abb8c3;border-width:1px;border-radius:10px;padding-bottom:10px;box-shadow:var(--wp--preset--shadow--natural)\">\n<h3 class=\"wp-block-heading has-text-align-left has-background\" style=\"background-color:#abb7c21c;margin-bottom:0px;padding-top:10px;padding-right:0px;padding-bottom:10px;padding-left:10px;font-size:24px;line-height:1.3\">\u26ab Squash<\/h3>\n\n\n\n<figure class=\"wp-block-image size-full\" style=\"margin-top:0px\"><img decoding=\"async\" src=\"https:\/\/www.fouyoux.com\/wp-content\/uploads\/2025\/05\/Raquettes-de-squash-sur-le-court.png\" alt=\"\" class=\"wp-image-281\" style=\"aspect-ratio:4\/3;object-fit:cover\"\/><\/figure>\n\n\n\n<p style=\"padding-right:5px;padding-left:5px\">Am\u00e9liorez votre cardio, votre r\u00e9activit\u00e9 et d\u00e9foulez-vous sur l\u2019un de nos courts modernes.<br>Que vous soyez d\u00e9butant ou joueur confirm\u00e9, le squash est un excellent moyen de se challenger.<\/p>\n\n\n\n<p style=\"padding-right:var(--wp--preset--spacing--20);padding-left:var(--wp--preset--spacing--20)\">3 terrains de squash.<\/p>\n\n\n\n<div class=\"wp-block-buttons is-content-justification-center is-layout-flex wp-container-core-buttons-is-layout-fcbfdc77 wp-block-buttons-is-layout-flex\" style=\"padding-right:5px;padding-left:5px\">\n<div class=\"wp-block-button has-custom-width wp-block-button__width-100\"><a class=\"wp-block-button__link wp-element-button\" href=\"https:\/\/www.le3f.fr\/index.php\/reservations\/\">\ud83d\udcc6 R\u00e9server un terrain<\/a><\/div>\n\n\n\n<div class=\"wp-block-button has-custom-width wp-block-button__width-100 is-style-fill\"><a class=\"wp-block-button__link wp-element-button\" href=\"https:\/\/www.le3f.fr\/index.php\/squash\/\">\u2139\ufe0f Informations<\/a><\/div>\n\n\n\n<div class=\"wp-block-button has-custom-width wp-block-button__width-100 is-style-fill\"><a class=\"wp-block-button__link wp-element-button\" href=\"https:\/\/www.le3f.fr\/index.php\/champ-squash\/\">\ud83c\udfc6 Championnats<\/a><\/div>\n<\/div>\n<\/div>\n\n\n\n<div class=\"wp-block-column has-border-color is-layout-flow wp-block-column-is-layout-flow\" style=\"border-color:#abb8c3;border-width:1px;border-radius:10px;padding-bottom:10px;box-shadow:var(--wp--preset--shadow--natural)\">\n<h3 class=\"wp-block-heading has-text-align-left has-background\" style=\"background-color:#abb7c21c;margin-bottom:0px;padding-top:10px;padding-right:0px;padding-bottom:10px;padding-left:10px;font-size:24px;line-height:1.3\">\ud83c\udff8 Badminton<\/h3>\n\n\n\n<figure class=\"wp-block-image size-full\" style=\"margin-top:0px\"><img decoding=\"async\" src=\"https:\/\/www.fouyoux.com\/wp-content\/uploads\/2025\/05\/Raquettes-et-volant-sur-terrain-de-badminton.png\" alt=\"\" class=\"wp-image-282\" style=\"aspect-ratio:4\/3;object-fit:cover\"\/><\/figure>\n\n\n\n<p style=\"padding-right:5px;padding-left:5px\">L\u00e9ger, rapide et accessible \u00e0 tous, le badminton est parfait pour se d\u00e9penser en s\u2019amusant.<br>Nos terrains sont disponibles \u00e0 la r\u00e9servation pour une partie d\u00e9tente ou un vrai match de comp\u00e9tition.<\/p>\n\n\n\n<p style=\"padding-right:var(--wp--preset--spacing--20);padding-left:var(--wp--preset--spacing--20)\">1 terrain de badminton<\/p>\n\n\n\n<div class=\"wp-block-buttons is-content-justification-center is-layout-flex wp-container-core-buttons-is-layout-fcbfdc77 wp-block-buttons-is-layout-flex\" style=\"padding-right:5px;padding-left:5px\">\n<div class=\"wp-block-button has-custom-width wp-block-button__width-100\"><a class=\"wp-block-button__link wp-element-button\" href=\"https:\/\/www.le3f.fr\/index.php\/reservations\/\">\ud83d\udcc6 R\u00e9server un terrain<\/a><\/div>\n\n\n\n<div class=\"wp-block-button has-custom-width wp-block-button__width-100 is-style-fill\"><a class=\"wp-block-button__link wp-element-button\" href=\"https:\/\/www.le3f.fr\/index.php\/badminton\/\">\u2139\ufe0f Informations<\/a><\/div>\n<\/div>\n<\/div>\n<\/div>\n","protected":false},"excerpt":{"rendered":"<p>Vous cherchez un lieu dynamique et convivial pour pratiquer vos sports pr\u00e9f\u00e9r\u00e9s toute l\u2019ann\u00e9e ?Notre complexe vous ouvre ses portes [&hellip;]<\/p>\n","protected":false},"author":1,"featured_media":0,"parent":0,"menu_order":0,"comment_status":"closed","ping_status":"closed","template":"","meta":{"site-sidebar-layout":"default","site-content-layout":"","ast-site-content-layout":"","site-content-style":"default","site-sidebar-style":"default","ast-global-header-display":"","ast-banner-title-visibility":"","ast-main-header-display":"","ast-hfb-above-header-display":"","ast-hfb-below-header-display":"","ast-hfb-mobile-header-display":"","site-post-title":"","ast-breadcrumbs-content":"","ast-featured-img":"","footer-sml-layout":"","theme-transparent-header-meta":"","adv-header-id-meta":"","stick-header-meta":"","header-above-stick-meta":"","header-main-stick-meta":"","header-below-stick-meta":"","astra-migrate-meta-layouts":"default","ast-page-background-enabled":"default","ast-page-background-meta":{"desktop":{"background-color":"var(--ast-global-color-5)","background-image":"","background-repeat":"repeat","background-position":"center center","background-size":"auto","background-attachment":"scroll","background-type":"","background-media":"","overlay-type":"","overlay-color":"","overlay-opacity":"","overlay-gradient":""},"tablet":{"background-color":"","background-image":"","background-repeat":"repeat","background-position":"center center","background-size":"auto","background-attachment":"scroll","background-type":"","background-media":"","overlay-type":"","overlay-color":"","overlay-opacity":"","overlay-gradient":""},"mobile":{"background-color":"","background-image":"","background-repeat":"repeat","background-position":"center center","background-size":"auto","background-attachment":"scroll","background-type":"","background-media":"","overlay-type":"","overlay-color":"","overlay-opacity":"","overlay-gradient":""}},"ast-content-background-meta":{"desktop":{"background-color":"var(--ast-global-color-4)","background-image":"","background-repeat":"repeat","background-position":"center center","background-size":"auto","background-attachment":"scroll","background-type":"","background-media":"","overlay-type":"","overlay-color":"","overlay-opacity":"","overlay-gradient":""},"tablet":{"background-color":"var(--ast-global-color-4)","background-image":"","background-repeat":"repeat","background-position":"center center","background-size":"auto","background-attachment":"scroll","background-type":"","background-media":"","overlay-type":"","overlay-color":"","overlay-opacity":"","overlay-gradient":""},"mobile":{"background-color":"var(--ast-global-color-4)","background-image":"","background-repeat":"repeat","background-position":"center center","background-size":"auto","background-attachment":"scroll","background-type":"","background-media":"","overlay-type":"","overlay-color":"","overlay-opacity":"","overlay-gradient":""}},"footnotes":""},"class_list":["post-43","page","type-page","status-publish","hentry"],"_links":{"self":[{"href":"https:\/\/www.le3f.fr\/index.php\/wp-json\/wp\/v2\/pages\/43","targetHints":{"allow":["GET"]}}],"collection":[{"href":"https:\/\/www.le3f.fr\/index.php\/wp-json\/wp\/v2\/pages"}],"about":[{"href":"https:\/\/www.le3f.fr\/index.php\/wp-json\/wp\/v2\/types\/page"}],"author":[{"embeddable":true,"href":"https:\/\/www.le3f.fr\/index.php\/wp-json\/wp\/v2\/users\/1"}],"replies":[{"embeddable":true,"href":"https:\/\/www.le3f.fr\/index.php\/wp-json\/wp\/v2\/comments?post=43"}],"version-history":[{"count":74,"href":"https:\/\/www.le3f.fr\/index.php\/wp-json\/wp\/v2\/pages\/43\/revisions"}],"predecessor-version":[{"id":1090,"href":"https:\/\/www.le3f.fr\/index.php\/wp-json\/wp\/v2\/pages\/43\/revisions\/1090"}],"wp:attachment":[{"href":"https:\/\/www.le3f.fr\/index.php\/wp-json\/wp\/v2\/media?parent=43"}],"curies":[{"name":"wp","href":"https:\/\/api.w.org\/{rel}","templated":true}]}}